{"id":65,"date":"2025-05-12T20:39:22","date_gmt":"2025-05-12T20:39:22","guid":{"rendered":"https:\/\/sentiaconsulting.net\/?page_id=65"},"modified":"2025-10-10T02:12:55","modified_gmt":"2025-10-10T02:12:55","slug":"residencias-ciudadanias-y-planificacion-fiscal","status":"publish","type":"page","link":"https:\/\/sentiaconsulting.net\/en\/residencias-ciudadanias-y-planificacion-fiscal\/","title":{"rendered":"Residency, Citizenship &amp; Tax Planning"},"content":{"rendered":"<div data-elementor-type=\"wp-page\" data-elementor-id=\"65\" class=\"elementor elementor-65\" data-elementor-post-type=\"page\">\n\t\t\t\t<div class=\"elementor-element elementor-element-58fb247e e-flex e-con-boxed e-con e-parent\" data-id=\"58fb247e\" data-element_type=\"container\" data-settings=\"{&quot;background_background&quot;:&quot;classic&quot;}\">\n\t\t\t\t\t<div class=\"e-con-inner\">\n\t\t<div class=\"elementor-element elementor-element-107f729b e-flex e-con-boxed e-con e-child\" data-id=\"107f729b\" data-element_type=\"container\">\n\t\t\t\t\t<div class=\"e-con-inner\">\n\t\t\t\t<div class=\"elementor-element elementor-element-3bc26736 elementor-invisible elementor-widget elementor-widget-heading\" data-id=\"3bc26736\" data-element_type=\"widget\" data-settings=\"{&quot;_animation&quot;:&quot;fadeIn&quot;}\" data-widget_type=\"heading.default\">\n\t\t\t\t<div class=\"elementor-widget-container\">\n\t\t\t\t\t<h2 class=\"elementor-heading-title elementor-size-default\">Residency, Citizenship &amp; Tax Planning<\/h2>\t\t\t\t<\/div>\n\t\t\t\t<\/div>\n\t\t\t\t\t<\/div>\n\t\t\t\t<\/div>\n\t\t\t\t\t<\/div>\n\t\t\t\t<\/div>\n\t\t<div class=\"elementor-element elementor-element-413148fc e-flex e-con-boxed e-con e-parent\" data-id=\"413148fc\" data-element_type=\"container\">\n\t\t\t\t\t<div class=\"e-con-inner\">\n\t\t<div class=\"elementor-element elementor-element-39f64c53 e-flex e-con-boxed e-con e-child\" data-id=\"39f64c53\" data-element_type=\"container\">\n\t\t\t\t\t<div class=\"e-con-inner\">\n\t\t<div class=\"elementor-element elementor-element-7c7edacc e-con-full animated-fast e-flex elementor-invisible e-con e-child\" data-id=\"7c7edacc\" data-element_type=\"container\" data-settings=\"{&quot;animation&quot;:&quot;fadeIn&quot;,&quot;animation_delay&quot;:1000}\">\n\t\t<div class=\"elementor-element elementor-element-1b9eee07 jkit-sticky-element--enabled e-flex e-con-boxed jkit-sticky-element-on--down jkit-sticky-position--sticky e-con e-child\" data-id=\"1b9eee07\" data-element_type=\"container\" data-settings=\"{&quot;background_background&quot;:&quot;classic&quot;,&quot;jkit_sticky_top_position&quot;:{&quot;unit&quot;:&quot;px&quot;,&quot;size&quot;:&quot;30&quot;,&quot;sizes&quot;:[]},&quot;jkit_sticky_device&quot;:&quot;desktop&quot;}\">\n\t\t\t\t\t<div class=\"e-con-inner\">\n\t\t\t\t<div class=\"elementor-element elementor-element-35fb7576 elementor-widget elementor-widget-heading\" data-id=\"35fb7576\" data-element_type=\"widget\" data-widget_type=\"heading.default\">\n\t\t\t\t<div class=\"elementor-widget-container\">\n\t\t\t\t\t<h2 class=\"elementor-heading-title elementor-size-default\">Services<\/h2>\t\t\t\t<\/div>\n\t\t\t\t<\/div>\n\t\t<a class=\"elementor-element elementor-element-258d7de0 e-con-full e-flex e-con e-child\" data-id=\"258d7de0\" data-element_type=\"container\" href=\"#1\">\n\t\t\t\t<div class=\"elementor-element elementor-element-542de6dd elementor-align-left elementor-icon-list--layout-inline elementor-list-item-link-full_width elementor-widget elementor-widget-icon-list\" data-id=\"542de6dd\" data-element_type=\"widget\" data-widget_type=\"icon-list.default\">\n\t\t\t\t<div class=\"elementor-widget-container\">\n\t\t\t\t\t\t\t<ul class=\"elementor-icon-list-items elementor-inline-items\">\n\t\t\t\t\t\t\t<li class=\"elementor-icon-list-item elementor-inline-item\">\n\t\t\t\t\t\t\t\t\t\t\t<span class=\"elementor-icon-list-icon\">\n\t\t\t\t\t\t\t<svg aria-hidden=\"true\" class=\"e-font-icon-svg e-fas-arrow-right\" viewbox=\"0 0 448 512\" xmlns=\"http:\/\/www.w3.org\/2000\/svg\"><path d=\"M190.5 66.9l22.2-22.2c9.4-9.4 24.6-9.4 33.9 0L441 239c9.4 9.4 9.4 24.6 0 33.9L246.6 467.3c-9.4 9.4-24.6 9.4-33.9 0l-22.2-22.2c-9.5-9.5-9.3-25 .4-34.3L311.4 296H24c-13.3 0-24-10.7-24-24v-32c0-13.3 10.7-24 24-24h287.4L190.9 101.2c-9.8-9.3-10-24.8-.4-34.3z\"><\/path><\/svg>\t\t\t\t\t\t<\/span>\n\t\t\t\t\t\t\t\t\t\t<span class=\"elementor-icon-list-text\">Residencias globales y ciudadan\u00edas estrat\u00e9gicas<\/span>\n\t\t\t\t\t\t\t\t\t<\/li>\n\t\t\t\t\t\t<\/ul>\n\t\t\t\t\t\t<\/div>\n\t\t\t\t<\/div>\n\t\t\t\t<\/a>\n\t\t<a class=\"elementor-element elementor-element-73364199 e-con-full e-flex e-con e-child\" data-id=\"73364199\" data-element_type=\"container\" href=\"#2\">\n\t\t\t\t<div class=\"elementor-element elementor-element-1d619084 elementor-align-left elementor-icon-list--layout-traditional elementor-list-item-link-full_width elementor-widget elementor-widget-icon-list\" data-id=\"1d619084\" data-element_type=\"widget\" data-widget_type=\"icon-list.default\">\n\t\t\t\t<div class=\"elementor-widget-container\">\n\t\t\t\t\t\t\t<ul class=\"elementor-icon-list-items\">\n\t\t\t\t\t\t\t<li class=\"elementor-icon-list-item\">\n\t\t\t\t\t\t\t\t\t\t\t<span class=\"elementor-icon-list-icon\">\n\t\t\t\t\t\t\t<svg aria-hidden=\"true\" class=\"e-font-icon-svg e-fas-arrow-right\" viewbox=\"0 0 448 512\" xmlns=\"http:\/\/www.w3.org\/2000\/svg\"><path d=\"M190.5 66.9l22.2-22.2c9.4-9.4 24.6-9.4 33.9 0L441 239c9.4 9.4 9.4 24.6 0 33.9L246.6 467.3c-9.4 9.4-24.6 9.4-33.9 0l-22.2-22.2c-9.5-9.5-9.3-25 .4-34.3L311.4 296H24c-13.3 0-24-10.7-24-24v-32c0-13.3 10.7-24 24-24h287.4L190.9 101.2c-9.8-9.3-10-24.8-.4-34.3z\"><\/path><\/svg>\t\t\t\t\t\t<\/span>\n\t\t\t\t\t\t\t\t\t\t<span class=\"elementor-icon-list-text\">International Tax Planning<\/span>\n\t\t\t\t\t\t\t\t\t<\/li>\n\t\t\t\t\t\t<\/ul>\n\t\t\t\t\t\t<\/div>\n\t\t\t\t<\/div>\n\t\t\t\t<\/a>\n\t\t\t\t\t<\/div>\n\t\t\t\t<\/div>\n\t\t\t\t<\/div>\n\t\t<div class=\"elementor-element elementor-element-419a84e6 e-con-full animated-fast e-flex elementor-invisible e-con e-child\" data-id=\"419a84e6\" data-element_type=\"container\" data-settings=\"{&quot;animation&quot;:&quot;fadeIn&quot;,&quot;animation_delay&quot;:1000}\">\n\t\t<div class=\"elementor-element elementor-element-1b62fd9b e-flex e-con-boxed e-con e-child\" data-id=\"1b62fd9b\" data-element_type=\"container\" data-settings=\"{&quot;background_background&quot;:&quot;classic&quot;}\">\n\t\t\t\t\t<div class=\"e-con-inner\">\n\t\t\t\t<div class=\"elementor-element elementor-element-264081d1 animated-fast elementor-invisible elementor-widget elementor-widget-text-editor\" data-id=\"264081d1\" data-element_type=\"widget\" data-settings=\"{&quot;_animation&quot;:&quot;fadeIn&quot;,&quot;_animation_delay&quot;:1000}\" data-widget_type=\"text-editor.default\">\n\t\t\t\t<div class=\"elementor-widget-container\">\n\t\t\t\t\t\t\t\t\t<p>Your country of residence defines much more than where you live\u2014it can unlock opportunities and grant access to more efficient structures for you, your family, or your business.<\/p><p>At Sentia, we help you design a tailored strategy that combines global mobility, legal compliance, and long-term wealth planning.<\/p>\t\t\t\t\t\t\t\t<\/div>\n\t\t\t\t<\/div>\n\t\t\t\t<div class=\"elementor-element elementor-element-37a18c9f animated-fast elementor-widget-divider--view-line elementor-invisible elementor-widget elementor-widget-divider\" data-id=\"37a18c9f\" data-element_type=\"widget\" data-settings=\"{&quot;_animation&quot;:&quot;fadeIn&quot;,&quot;_animation_delay&quot;:1000}\" data-widget_type=\"divider.default\">\n\t\t\t\t<div class=\"elementor-widget-container\">\n\t\t\t\t\t\t\t<div class=\"elementor-divider\">\n\t\t\t<span class=\"elementor-divider-separator\">\n\t\t\t\t\t\t<\/span>\n\t\t<\/div>\n\t\t\t\t\t\t<\/div>\n\t\t\t\t<\/div>\n\t\t\t\t<div class=\"elementor-element elementor-element-504c56b7 animated-fast elementor-invisible elementor-widget elementor-widget-heading\" data-id=\"504c56b7\" data-element_type=\"widget\" id=\"1\" data-settings=\"{&quot;_animation&quot;:&quot;fadeIn&quot;,&quot;_animation_delay&quot;:2000}\" data-widget_type=\"heading.default\">\n\t\t\t\t<div class=\"elementor-widget-container\">\n\t\t\t\t\t<h2 class=\"elementor-heading-title elementor-size-default\">Global Residency &amp; Citizenship<\/h2>\t\t\t\t<\/div>\n\t\t\t\t<\/div>\n\t\t\t\t<div class=\"elementor-element elementor-element-75b650c4 animated-fast elementor-invisible elementor-widget elementor-widget-text-editor\" data-id=\"75b650c4\" data-element_type=\"widget\" data-settings=\"{&quot;_animation&quot;:&quot;fadeIn&quot;,&quot;_animation_delay&quot;:1000}\" data-widget_type=\"text-editor.default\">\n\t\t\t\t<div class=\"elementor-widget-container\">\n\t\t\t\t\t\t\t\t\t<p>Expanding your international presence through strategic residencies or citizenships grants you access to new rights and greater freedom of movement.<\/p><p>We support you in obtaining residencies and\/or citizenships in key jurisdictions\u2014selected according to your personal, family, or wealth objectives\u2014through investment programs, migration agreements, or effective residency, in countries such as Panama, Paraguay, Saint Lucia, Vanuatu, the United Arab Emirates, among others.<\/p><p>We help you evaluate legal alternatives tailored to your profile and always aligned with your personal and wealth planning goals.<\/p>\t\t\t\t\t\t\t\t<\/div>\n\t\t\t\t<\/div>\n\t\t<div class=\"elementor-element elementor-element-5a06f814 e-con-full e-flex e-con e-child\" data-id=\"5a06f814\" data-element_type=\"container\">\n\t\t<div class=\"elementor-element elementor-element-7a5e539c e-con-full animated-fast e-flex elementor-invisible e-con e-child\" data-id=\"7a5e539c\" data-element_type=\"container\" data-settings=\"{&quot;background_background&quot;:&quot;classic&quot;,&quot;animation&quot;:&quot;fadeIn&quot;,&quot;animation_delay&quot;:1000}\">\n\t\t\t\t<div class=\"elementor-element elementor-element-da56474 elementor-widget elementor-widget-spacer\" data-id=\"da56474\" data-element_type=\"widget\" data-widget_type=\"spacer.default\">\n\t\t\t\t<div class=\"elementor-widget-container\">\n\t\t\t\t\t\t\t<div class=\"elementor-spacer\">\n\t\t\t<div class=\"elementor-spacer-inner\"><\/div>\n\t\t<\/div>\n\t\t\t\t\t\t<\/div>\n\t\t\t\t<\/div>\n\t\t\t\t<\/div>\n\t\t<div class=\"elementor-element elementor-element-34e5df59 e-con-full animated-fast e-flex elementor-invisible e-con e-child\" data-id=\"34e5df59\" data-element_type=\"container\" data-settings=\"{&quot;background_background&quot;:&quot;classic&quot;,&quot;animation&quot;:&quot;fadeIn&quot;,&quot;animation_delay&quot;:1000}\">\n\t\t\t\t<div class=\"elementor-element elementor-element-6b5a0494 elementor-widget elementor-widget-spacer\" data-id=\"6b5a0494\" data-element_type=\"widget\" data-widget_type=\"spacer.default\">\n\t\t\t\t<div class=\"elementor-widget-container\">\n\t\t\t\t\t\t\t<div class=\"elementor-spacer\">\n\t\t\t<div class=\"elementor-spacer-inner\"><\/div>\n\t\t<\/div>\n\t\t\t\t\t\t<\/div>\n\t\t\t\t<\/div>\n\t\t\t\t<\/div>\n\t\t\t\t<\/div>\n\t\t\t\t<div class=\"elementor-element elementor-element-1ac75c70 animated-fast elementor-widget-divider--view-line elementor-invisible elementor-widget elementor-widget-divider\" data-id=\"1ac75c70\" data-element_type=\"widget\" data-settings=\"{&quot;_animation&quot;:&quot;fadeIn&quot;,&quot;_animation_delay&quot;:1000}\" data-widget_type=\"divider.default\">\n\t\t\t\t<div class=\"elementor-widget-container\">\n\t\t\t\t\t\t\t<div class=\"elementor-divider\">\n\t\t\t<span class=\"elementor-divider-separator\">\n\t\t\t\t\t\t<\/span>\n\t\t<\/div>\n\t\t\t\t\t\t<\/div>\n\t\t\t\t<\/div>\n\t\t\t\t<div class=\"elementor-element elementor-element-950938 animated-fast elementor-invisible elementor-widget elementor-widget-heading\" data-id=\"950938\" data-element_type=\"widget\" id=\"2\" data-settings=\"{&quot;_animation&quot;:&quot;fadeIn&quot;,&quot;_animation_delay&quot;:2000}\" data-widget_type=\"heading.default\">\n\t\t\t\t<div class=\"elementor-widget-container\">\n\t\t\t\t\t<h2 class=\"elementor-heading-title elementor-size-default\">International Tax Planning<\/h2>\t\t\t\t<\/div>\n\t\t\t\t<\/div>\n\t\t\t\t<div class=\"elementor-element elementor-element-15b99940 animated-fast elementor-invisible elementor-widget elementor-widget-text-editor\" data-id=\"15b99940\" data-element_type=\"widget\" data-settings=\"{&quot;_animation&quot;:&quot;fadeIn&quot;,&quot;_animation_delay&quot;:1000}\" data-widget_type=\"text-editor.default\">\n\t\t\t\t<div class=\"elementor-widget-container\">\n\t\t\t\t\t\t\t\t\t<p>Strategic guidance in tax decision-making with global implications, identifying legitimate optimization opportunities aligned with each client\u2019s personal, business, and estate profile. This includes the analysis of existing structures, jurisdictions involved, and international flows to ensure tax obligations are aligned with coherent and sustainable planning.<\/p><p>The approach is grounded not in shortcuts, but in clarity, compliance, and long-term vision. In collaboration with local and international tax advisors, we design strategies adapted to each jurisdiction\u2014safeguarding both efficiency and reputation in an increasingly demanding regulatory environment.<\/p>\t\t\t\t\t\t\t\t<\/div>\n\t\t\t\t<\/div>\n\t\t<div class=\"elementor-element elementor-element-41de3d8 e-con-full e-flex e-con e-child\" data-id=\"41de3d8\" data-element_type=\"container\">\n\t\t<div class=\"elementor-element elementor-element-31aa2ebc e-con-full e-flex elementor-invisible e-con e-child\" data-id=\"31aa2ebc\" data-element_type=\"container\" data-settings=\"{&quot;background_background&quot;:&quot;classic&quot;,&quot;animation&quot;:&quot;fadeIn&quot;,&quot;animation_delay&quot;:1000}\">\n\t\t\t\t<div class=\"elementor-element elementor-element-52c302e0 elementor-widget elementor-widget-spacer\" data-id=\"52c302e0\" data-element_type=\"widget\" data-widget_type=\"spacer.default\">\n\t\t\t\t<div class=\"elementor-widget-container\">\n\t\t\t\t\t\t\t<div class=\"elementor-spacer\">\n\t\t\t<div class=\"elementor-spacer-inner\"><\/div>\n\t\t<\/div>\n\t\t\t\t\t\t<\/div>\n\t\t\t\t<\/div>\n\t\t\t\t<\/div>\n\t\t<div class=\"elementor-element elementor-element-3ae55305 e-con-full animated-fast e-flex elementor-invisible e-con e-child\" data-id=\"3ae55305\" data-element_type=\"container\" data-settings=\"{&quot;background_background&quot;:&quot;classic&quot;,&quot;animation&quot;:&quot;fadeIn&quot;,&quot;animation_delay&quot;:1000}\">\n\t\t\t\t<div class=\"elementor-element elementor-element-3413ef1d elementor-widget elementor-widget-spacer\" data-id=\"3413ef1d\" data-element_type=\"widget\" data-widget_type=\"spacer.default\">\n\t\t\t\t<div class=\"elementor-widget-container\">\n\t\t\t\t\t\t\t<div class=\"elementor-spacer\">\n\t\t\t<div class=\"elementor-spacer-inner\"><\/div>\n\t\t<\/div>\n\t\t\t\t\t\t<\/div>\n\t\t\t\t<\/div>\n\t\t\t\t<\/div>\n\t\t\t\t<\/div>\n\t\t\t\t\t<\/div>\n\t\t\t\t<\/div>\n\t\t\t\t<\/div>\n\t\t\t\t\t<\/div>\n\t\t\t\t<\/div>\n\t\t\t\t\t<\/div>\n\t\t\t\t<\/div>\n\t\t<div class=\"elementor-element elementor-element-6fb617eb e-con-full e-flex e-con e-child\" data-id=\"6fb617eb\" data-element_type=\"container\" data-settings=\"{&quot;background_background&quot;:&quot;classic&quot;}\">\n\t\t\t\t<div class=\"elementor-element elementor-element-405e59d0 elementor-widget__width-initial animated-fast elementor-invisible elementor-widget elementor-widget-heading\" data-id=\"405e59d0\" data-element_type=\"widget\" data-settings=\"{&quot;_animation&quot;:&quot;fadeIn&quot;,&quot;_animation_delay&quot;:1000}\" data-widget_type=\"heading.default\">\n\t\t\t\t<div class=\"elementor-widget-container\">\n\t\t\t\t\t<h2 class=\"elementor-heading-title elementor-size-default\">Making strategic decisions about your residency and taxation is a key part of wealth planning.<\/h2>\t\t\t\t<\/div>\n\t\t\t\t<\/div>\n\t\t\t\t<div class=\"elementor-element elementor-element-67e4f72c animated-fast elementor-invisible elementor-widget elementor-widget-heading\" data-id=\"67e4f72c\" data-element_type=\"widget\" data-settings=\"{&quot;_animation&quot;:&quot;fadeIn&quot;,&quot;_animation_delay&quot;:1000}\" data-widget_type=\"heading.default\">\n\t\t\t\t<div class=\"elementor-widget-container\">\n\t\t\t\t\t<h3 class=\"elementor-heading-title elementor-size-default\">Let\u2019s talk about your current situation and goals so we can help you shape a tailored international plan.<\/h3>\t\t\t\t<\/div>\n\t\t\t\t<\/div>\n\t\t\t\t<div class=\"elementor-element elementor-element-67885e30 e-transform animated-fast elementor-invisible elementor-widget elementor-widget-jkit_button\" data-id=\"67885e30\" data-element_type=\"widget\" data-settings=\"{&quot;_transform_scale_effect_hover&quot;:{&quot;unit&quot;:&quot;px&quot;,&quot;size&quot;:&quot;0.9&quot;,&quot;sizes&quot;:[]},&quot;_animation&quot;:&quot;fadeIn&quot;,&quot;_animation_delay&quot;:1000,&quot;_transform_scale_effect_hover_tablet&quot;:{&quot;unit&quot;:&quot;px&quot;,&quot;size&quot;:&quot;&quot;,&quot;sizes&quot;:[]},&quot;_transform_scale_effect_hover_mobile&quot;:{&quot;unit&quot;:&quot;px&quot;,&quot;size&quot;:&quot;&quot;,&quot;sizes&quot;:[]}}\" data-widget_type=\"jkit_button.default\">\n\t\t\t\t<div class=\"elementor-widget-container\">\n\t\t\t\t\t<div  class=\"jeg-elementor-kit jkit-button  icon-position-after jeg_module___69fb3da083967\" ><a href=\"\/en\/contacto\/\" class=\"jkit-button-wrapper\">Schedule a consultation<svg viewbox=\"0 0 448 512\" xmlns=\"http:\/\/www.w3.org\/2000\/svg\"><path d=\"M190.5 66.9l22.2-22.2c9.4-9.4 24.6-9.4 33.9 0L441 239c9.4 9.4 9.4 24.6 0 33.9L246.6 467.3c-9.4 9.4-24.6 9.4-33.9 0l-22.2-22.2c-9.5-9.5-9.3-25 .4-34.3L311.4 296H24c-13.3 0-24-10.7-24-24v-32c0-13.3 10.7-24 24-24h287.4L190.9 101.2c-9.8-9.3-10-24.8-.4-34.3z\"><\/path><\/svg><\/a><\/div>\t\t\t\t<\/div>\n\t\t\t\t<\/div>\n\t\t\t\t<\/div>\n\t\t\t\t<\/div>","protected":false},"excerpt":{"rendered":"<p>Servicios: Residencias globales y ciudadan\u00edas estrat\u00e9gicas Planificaci\u00f3n fiscal internacional Tu pa\u00eds de residencia puede definir mucho m\u00e1s que tu lugar de vida: puede abrir oportunidades y darte acceso a estructuras m\u00e1s eficientes para ti, tu familia o tu empresa. En Sentia te acompa\u00f1amos a dise\u00f1ar una estrategia internacional a medida, que combine movilidad inteligente, cumplimiento [&hellip;]<\/p>","protected":false},"author":1,"featured_media":0,"parent":0,"menu_order":0,"comment_status":"closed","ping_status":"closed","template":"elementor_header_footer","meta":{"footnotes":""},"class_list":["post-65","page","type-page","status-publish","hentry"],"yoast_head":"<!-- This site is optimized with the Yoast SEO plugin v25.2 - https:\/\/yoast.com\/wordpress\/plugins\/seo\/ -->\n<title>Residencias, Ciudadan\u00edas y Planificaci\u00f3n Fiscal - Sentia<\/title>\n<meta name=\"robots\" content=\"index, follow, max-snippet:-1, max-image-preview:large, max-video-preview:-1\" \/>\n<link rel=\"canonical\" href=\"https:\/\/sentiaconsulting.net\/en\/residencias-ciudadanias-y-planificacion-fiscal\/\" \/>\n<meta property=\"og:locale\" content=\"en_US\" \/>\n<meta property=\"og:type\" content=\"article\" \/>\n<meta property=\"og:title\" content=\"Residencias, Ciudadan\u00edas y Planificaci\u00f3n Fiscal - Sentia\" \/>\n<meta property=\"og:description\" content=\"Servicios: Residencias globales y ciudadan\u00edas estrat\u00e9gicas Planificaci\u00f3n fiscal internacional Tu pa\u00eds de residencia puede definir mucho m\u00e1s que tu lugar de vida: puede abrir oportunidades y darte acceso a estructuras m\u00e1s eficientes para ti, tu familia o tu empresa. En Sentia te acompa\u00f1amos a dise\u00f1ar una estrategia internacional a medida, que combine movilidad inteligente, cumplimiento [&hellip;]\" \/>\n<meta property=\"og:url\" content=\"https:\/\/sentiaconsulting.net\/en\/residencias-ciudadanias-y-planificacion-fiscal\/\" \/>\n<meta property=\"og:site_name\" content=\"Sentia\" \/>\n<meta property=\"article:modified_time\" content=\"2025-10-10T02:12:55+00:00\" \/>\n<meta name=\"twitter:card\" content=\"summary_large_image\" \/>\n<meta name=\"twitter:label1\" content=\"Est. reading time\" \/>\n\t<meta name=\"twitter:data1\" content=\"2 minutes\" \/>\n<script type=\"application\/ld+json\" class=\"yoast-schema-graph\">{\"@context\":\"https:\/\/schema.org\",\"@graph\":[{\"@type\":\"WebPage\",\"@id\":\"https:\/\/sentiaconsulting.net\/residencias-ciudadanias-y-planificacion-fiscal\/\",\"url\":\"https:\/\/sentiaconsulting.net\/residencias-ciudadanias-y-planificacion-fiscal\/\",\"name\":\"Residencias, Ciudadan\u00edas y Planificaci\u00f3n Fiscal - Sentia\",\"isPartOf\":{\"@id\":\"https:\/\/sentiaconsulting.net\/#website\"},\"datePublished\":\"2025-05-12T20:39:22+00:00\",\"dateModified\":\"2025-10-10T02:12:55+00:00\",\"breadcrumb\":{\"@id\":\"https:\/\/sentiaconsulting.net\/residencias-ciudadanias-y-planificacion-fiscal\/#breadcrumb\"},\"inLanguage\":\"en-US\",\"potentialAction\":[{\"@type\":\"ReadAction\",\"target\":[\"https:\/\/sentiaconsulting.net\/residencias-ciudadanias-y-planificacion-fiscal\/\"]}]},{\"@type\":\"BreadcrumbList\",\"@id\":\"https:\/\/sentiaconsulting.net\/residencias-ciudadanias-y-planificacion-fiscal\/#breadcrumb\",\"itemListElement\":[{\"@type\":\"ListItem\",\"position\":1,\"name\":\"Home\",\"item\":\"https:\/\/sentiaconsulting.net\/\"},{\"@type\":\"ListItem\",\"position\":2,\"name\":\"Residencias, Ciudadan\u00edas y Planificaci\u00f3n Fiscal\"}]},{\"@type\":\"WebSite\",\"@id\":\"https:\/\/sentiaconsulting.net\/#website\",\"url\":\"https:\/\/sentiaconsulting.net\/\",\"name\":\"Sentia\",\"description\":\"\",\"potentialAction\":[{\"@type\":\"SearchAction\",\"target\":{\"@type\":\"EntryPoint\",\"urlTemplate\":\"https:\/\/sentiaconsulting.net\/?s={search_term_string}\"},\"query-input\":{\"@type\":\"PropertyValueSpecification\",\"valueRequired\":true,\"valueName\":\"search_term_string\"}}],\"inLanguage\":\"en-US\"}]}<\/script>\n<!-- \/ Yoast SEO plugin. -->","yoast_head_json":{"title":"Residencias, Ciudadan\u00edas y Planificaci\u00f3n Fiscal - Sentia","robots":{"index":"index","follow":"follow","max-snippet":"max-snippet:-1","max-image-preview":"max-image-preview:large","max-video-preview":"max-video-preview:-1"},"canonical":"https:\/\/sentiaconsulting.net\/en\/residencias-ciudadanias-y-planificacion-fiscal\/","og_locale":"en_US","og_type":"article","og_title":"Residencias, Ciudadan\u00edas y Planificaci\u00f3n Fiscal - Sentia","og_description":"Servicios: Residencias globales y ciudadan\u00edas estrat\u00e9gicas Planificaci\u00f3n fiscal internacional Tu pa\u00eds de residencia puede definir mucho m\u00e1s que tu lugar de vida: puede abrir oportunidades y darte acceso a estructuras m\u00e1s eficientes para ti, tu familia o tu empresa. En Sentia te acompa\u00f1amos a dise\u00f1ar una estrategia internacional a medida, que combine movilidad inteligente, cumplimiento [&hellip;]","og_url":"https:\/\/sentiaconsulting.net\/en\/residencias-ciudadanias-y-planificacion-fiscal\/","og_site_name":"Sentia","article_modified_time":"2025-10-10T02:12:55+00:00","twitter_card":"summary_large_image","twitter_misc":{"Est. reading time":"2 minutes"},"schema":{"@context":"https:\/\/schema.org","@graph":[{"@type":"WebPage","@id":"https:\/\/sentiaconsulting.net\/residencias-ciudadanias-y-planificacion-fiscal\/","url":"https:\/\/sentiaconsulting.net\/residencias-ciudadanias-y-planificacion-fiscal\/","name":"Residencias, Ciudadan\u00edas y Planificaci\u00f3n Fiscal - Sentia","isPartOf":{"@id":"https:\/\/sentiaconsulting.net\/#website"},"datePublished":"2025-05-12T20:39:22+00:00","dateModified":"2025-10-10T02:12:55+00:00","breadcrumb":{"@id":"https:\/\/sentiaconsulting.net\/residencias-ciudadanias-y-planificacion-fiscal\/#breadcrumb"},"inLanguage":"en-US","potentialAction":[{"@type":"ReadAction","target":["https:\/\/sentiaconsulting.net\/residencias-ciudadanias-y-planificacion-fiscal\/"]}]},{"@type":"BreadcrumbList","@id":"https:\/\/sentiaconsulting.net\/residencias-ciudadanias-y-planificacion-fiscal\/#breadcrumb","itemListElement":[{"@type":"ListItem","position":1,"name":"Home","item":"https:\/\/sentiaconsulting.net\/"},{"@type":"ListItem","position":2,"name":"Residencias, Ciudadan\u00edas y Planificaci\u00f3n Fiscal"}]},{"@type":"WebSite","@id":"https:\/\/sentiaconsulting.net\/#website","url":"https:\/\/sentiaconsulting.net\/","name":"Sentia","description":"","potentialAction":[{"@type":"SearchAction","target":{"@type":"EntryPoint","urlTemplate":"https:\/\/sentiaconsulting.net\/?s={search_term_string}"},"query-input":{"@type":"PropertyValueSpecification","valueRequired":true,"valueName":"search_term_string"}}],"inLanguage":"en-US"}]}},"_links":{"self":[{"href":"https:\/\/sentiaconsulting.net\/en\/wp-json\/wp\/v2\/pages\/65","targetHints":{"allow":["GET"]}}],"collection":[{"href":"https:\/\/sentiaconsulting.net\/en\/wp-json\/wp\/v2\/pages"}],"about":[{"href":"https:\/\/sentiaconsulting.net\/en\/wp-json\/wp\/v2\/types\/page"}],"author":[{"embeddable":true,"href":"https:\/\/sentiaconsulting.net\/en\/wp-json\/wp\/v2\/users\/1"}],"replies":[{"embeddable":true,"href":"https:\/\/sentiaconsulting.net\/en\/wp-json\/wp\/v2\/comments?post=65"}],"version-history":[{"count":50,"href":"https:\/\/sentiaconsulting.net\/en\/wp-json\/wp\/v2\/pages\/65\/revisions"}],"predecessor-version":[{"id":1208,"href":"https:\/\/sentiaconsulting.net\/en\/wp-json\/wp\/v2\/pages\/65\/revisions\/1208"}],"wp:attachment":[{"href":"https:\/\/sentiaconsulting.net\/en\/wp-json\/wp\/v2\/media?parent=65"}],"curies":[{"name":"wp","href":"https:\/\/api.w.org\/{rel}","templated":true}]}}