{"id":66,"date":"2025-05-12T20:39:35","date_gmt":"2025-05-12T20:39:35","guid":{"rendered":"https:\/\/sentiaconsulting.net\/?page_id=66"},"modified":"2025-10-10T02:15:46","modified_gmt":"2025-10-10T02:15:46","slug":"entorno-digital","status":"publish","type":"page","link":"https:\/\/sentiaconsulting.net\/it\/entorno-digital\/","title":{"rendered":"Ecosistema digitale"},"content":{"rendered":"<div data-elementor-type=\"wp-page\" data-elementor-id=\"66\" class=\"elementor elementor-66\" data-elementor-post-type=\"page\">\n\t\t\t\t<div class=\"elementor-element elementor-element-21b0597d e-flex e-con-boxed e-con e-parent\" data-id=\"21b0597d\" data-element_type=\"container\" data-settings=\"{&quot;background_background&quot;:&quot;classic&quot;}\">\n\t\t\t\t\t<div class=\"e-con-inner\">\n\t\t<div class=\"elementor-element elementor-element-64aa61be e-flex e-con-boxed e-con e-child\" data-id=\"64aa61be\" data-element_type=\"container\">\n\t\t\t\t\t<div class=\"e-con-inner\">\n\t\t\t\t<div class=\"elementor-element elementor-element-117638ff elementor-invisible elementor-widget elementor-widget-heading\" data-id=\"117638ff\" data-element_type=\"widget\" data-settings=\"{&quot;_animation&quot;:&quot;fadeIn&quot;}\" data-widget_type=\"heading.default\">\n\t\t\t\t<div class=\"elementor-widget-container\">\n\t\t\t\t\t<h2 class=\"elementor-heading-title elementor-size-default\">Ecosistema digitale<\/h2>\t\t\t\t<\/div>\n\t\t\t\t<\/div>\n\t\t\t\t<div class=\"elementor-element elementor-element-41d630a elementor-widget__width-initial elementor-invisible elementor-widget elementor-widget-heading\" data-id=\"41d630a\" data-element_type=\"widget\" data-settings=\"{&quot;_animation&quot;:&quot;fadeIn&quot;,&quot;_animation_delay&quot;:500}\" data-widget_type=\"heading.default\">\n\t\t\t\t<div class=\"elementor-widget-container\">\n\t\t\t\t\t<h3 class=\"elementor-heading-title elementor-size-default\">Gesti\u00f3n de reputaci\u00f3n online, Bitcoin y criptoactivos: una visi\u00f3n integral.<\/h3>\t\t\t\t<\/div>\n\t\t\t\t<\/div>\n\t\t\t\t\t<\/div>\n\t\t\t\t<\/div>\n\t\t\t\t\t<\/div>\n\t\t\t\t<\/div>\n\t\t<div class=\"elementor-element elementor-element-120432f6 e-flex e-con-boxed e-con e-parent\" data-id=\"120432f6\" data-element_type=\"container\">\n\t\t\t\t\t<div class=\"e-con-inner\">\n\t\t<div class=\"elementor-element elementor-element-2469d421 e-flex e-con-boxed e-con e-child\" data-id=\"2469d421\" data-element_type=\"container\">\n\t\t\t\t\t<div class=\"e-con-inner\">\n\t\t<div class=\"elementor-element elementor-element-47118b76 e-con-full animated-fast e-flex elementor-invisible e-con e-child\" data-id=\"47118b76\" data-element_type=\"container\" data-settings=\"{&quot;animation&quot;:&quot;fadeIn&quot;,&quot;animation_delay&quot;:1000}\">\n\t\t<div class=\"elementor-element elementor-element-799d083f jkit-sticky-element--enabled e-flex e-con-boxed jkit-sticky-element-on--down jkit-sticky-position--sticky e-con e-child\" data-id=\"799d083f\" data-element_type=\"container\" data-settings=\"{&quot;background_background&quot;:&quot;classic&quot;,&quot;jkit_sticky_top_position&quot;:{&quot;unit&quot;:&quot;px&quot;,&quot;size&quot;:&quot;30&quot;,&quot;sizes&quot;:[]},&quot;jkit_sticky_device&quot;:&quot;desktop&quot;}\">\n\t\t\t\t\t<div class=\"e-con-inner\">\n\t\t\t\t<div class=\"elementor-element elementor-element-61d04a15 elementor-widget elementor-widget-heading\" data-id=\"61d04a15\" data-element_type=\"widget\" data-widget_type=\"heading.default\">\n\t\t\t\t<div class=\"elementor-widget-container\">\n\t\t\t\t\t<h2 class=\"elementor-heading-title elementor-size-default\">Nostri servizi<\/h2>\t\t\t\t<\/div>\n\t\t\t\t<\/div>\n\t\t<a class=\"elementor-element elementor-element-66008d7b e-con-full e-flex e-con e-child\" data-id=\"66008d7b\" data-element_type=\"container\" href=\"#1\">\n\t\t\t\t<div class=\"elementor-element elementor-element-62560347 elementor-align-left elementor-icon-list--layout-inline elementor-list-item-link-full_width elementor-widget elementor-widget-icon-list\" data-id=\"62560347\" data-element_type=\"widget\" data-widget_type=\"icon-list.default\">\n\t\t\t\t<div class=\"elementor-widget-container\">\n\t\t\t\t\t\t\t<ul class=\"elementor-icon-list-items elementor-inline-items\">\n\t\t\t\t\t\t\t<li class=\"elementor-icon-list-item elementor-inline-item\">\n\t\t\t\t\t\t\t\t\t\t\t<span class=\"elementor-icon-list-icon\">\n\t\t\t\t\t\t\t<svg aria-hidden=\"true\" class=\"e-font-icon-svg e-fas-arrow-right\" viewbox=\"0 0 448 512\" xmlns=\"http:\/\/www.w3.org\/2000\/svg\"><path d=\"M190.5 66.9l22.2-22.2c9.4-9.4 24.6-9.4 33.9 0L441 239c9.4 9.4 9.4 24.6 0 33.9L246.6 467.3c-9.4 9.4-24.6 9.4-33.9 0l-22.2-22.2c-9.5-9.5-9.3-25 .4-34.3L311.4 296H24c-13.3 0-24-10.7-24-24v-32c0-13.3 10.7-24 24-24h287.4L190.9 101.2c-9.8-9.3-10-24.8-.4-34.3z\"><\/path><\/svg>\t\t\t\t\t\t<\/span>\n\t\t\t\t\t\t\t\t\t\t<span class=\"elementor-icon-list-text\">Identit\u00e0 digitale e reputazione online<\/span>\n\t\t\t\t\t\t\t\t\t<\/li>\n\t\t\t\t\t\t<\/ul>\n\t\t\t\t\t\t<\/div>\n\t\t\t\t<\/div>\n\t\t\t\t<\/a>\n\t\t<a class=\"elementor-element elementor-element-eba8ba7 e-con-full e-flex e-con e-child\" data-id=\"eba8ba7\" data-element_type=\"container\" href=\"#2\">\n\t\t\t\t<div class=\"elementor-element elementor-element-609ff586 elementor-align-left elementor-icon-list--layout-traditional elementor-list-item-link-full_width elementor-widget elementor-widget-icon-list\" data-id=\"609ff586\" data-element_type=\"widget\" data-widget_type=\"icon-list.default\">\n\t\t\t\t<div class=\"elementor-widget-container\">\n\t\t\t\t\t\t\t<ul class=\"elementor-icon-list-items\">\n\t\t\t\t\t\t\t<li class=\"elementor-icon-list-item\">\n\t\t\t\t\t\t\t\t\t\t\t<span class=\"elementor-icon-list-icon\">\n\t\t\t\t\t\t\t<svg aria-hidden=\"true\" class=\"e-font-icon-svg e-fas-arrow-right\" viewbox=\"0 0 448 512\" xmlns=\"http:\/\/www.w3.org\/2000\/svg\"><path d=\"M190.5 66.9l22.2-22.2c9.4-9.4 24.6-9.4 33.9 0L441 239c9.4 9.4 9.4 24.6 0 33.9L246.6 467.3c-9.4 9.4-24.6 9.4-33.9 0l-22.2-22.2c-9.5-9.5-9.3-25 .4-34.3L311.4 296H24c-13.3 0-24-10.7-24-24v-32c0-13.3 10.7-24 24-24h287.4L190.9 101.2c-9.8-9.3-10-24.8-.4-34.3z\"><\/path><\/svg>\t\t\t\t\t\t<\/span>\n\t\t\t\t\t\t\t\t\t\t<span class=\"elementor-icon-list-text\">Bitcoin, cripto-attivit\u00e0 e tecnologia blockchain<\/span>\n\t\t\t\t\t\t\t\t\t<\/li>\n\t\t\t\t\t\t<\/ul>\n\t\t\t\t\t\t<\/div>\n\t\t\t\t<\/div>\n\t\t\t\t<\/a>\n\t\t\t\t\t<\/div>\n\t\t\t\t<\/div>\n\t\t\t\t<\/div>\n\t\t<div class=\"elementor-element elementor-element-4b34517e e-con-full animated-fast e-flex elementor-invisible e-con e-child\" data-id=\"4b34517e\" data-element_type=\"container\" data-settings=\"{&quot;animation&quot;:&quot;fadeIn&quot;,&quot;animation_delay&quot;:1000}\">\n\t\t<div class=\"elementor-element elementor-element-72165e e-flex e-con-boxed e-con e-child\" data-id=\"72165e\" data-element_type=\"container\" data-settings=\"{&quot;background_background&quot;:&quot;classic&quot;}\">\n\t\t\t\t\t<div class=\"e-con-inner\">\n\t\t\t\t<div class=\"elementor-element elementor-element-1d3adbf2 animated-fast elementor-invisible elementor-widget elementor-widget-text-editor\" data-id=\"1d3adbf2\" data-element_type=\"widget\" data-settings=\"{&quot;_animation&quot;:&quot;fadeIn&quot;,&quot;_animation_delay&quot;:1000}\" data-widget_type=\"text-editor.default\">\n\t\t\t\t<div class=\"elementor-widget-container\">\n\t\t\t\t\t\t\t\t\t<p>Il nostro servizio <strong data-start=\"479\" data-end=\"511\">di gestione della reputazione online<\/strong> e protezione dell\u2019identit\u00e0 digitale \u00e8 parte essenziale del tuo patrimonio.\nLa tua identit\u00e0 digitale, i tuoi asset digitali e la tua reputazione sono preziosi tanto quanto qualsiasi altro bene.<\/p><p><span style=\"letter-spacing: 0px;\">In Sentia ti guidiamo con strategie pensate per affrontare le sfide dell\u2019ecosistema attuale.<\/span><\/p>\t\t\t\t\t\t\t\t<\/div>\n\t\t\t\t<\/div>\n\t\t\t\t<div class=\"elementor-element elementor-element-56600aa7 animated-fast elementor-widget-divider--view-line elementor-invisible elementor-widget elementor-widget-divider\" data-id=\"56600aa7\" data-element_type=\"widget\" data-settings=\"{&quot;_animation&quot;:&quot;fadeIn&quot;,&quot;_animation_delay&quot;:1000}\" data-widget_type=\"divider.default\">\n\t\t\t\t<div class=\"elementor-widget-container\">\n\t\t\t\t\t\t\t<div class=\"elementor-divider\">\n\t\t\t<span class=\"elementor-divider-separator\">\n\t\t\t\t\t\t<\/span>\n\t\t<\/div>\n\t\t\t\t\t\t<\/div>\n\t\t\t\t<\/div>\n\t\t\t\t<div class=\"elementor-element elementor-element-4e65eef5 animated-fast elementor-invisible elementor-widget elementor-widget-heading\" data-id=\"4e65eef5\" data-element_type=\"widget\" id=\"1\" data-settings=\"{&quot;_animation&quot;:&quot;fadeIn&quot;,&quot;_animation_delay&quot;:2000}\" data-widget_type=\"heading.default\">\n\t\t\t\t<div class=\"elementor-widget-container\">\n\t\t\t\t\t<h2 class=\"elementor-heading-title elementor-size-default\">Identit\u00e0 digitale e reputazione online<\/h2>\t\t\t\t<\/div>\n\t\t\t\t<\/div>\n\t\t\t\t<div class=\"elementor-element elementor-element-52849b55 animated-fast elementor-invisible elementor-widget elementor-widget-text-editor\" data-id=\"52849b55\" data-element_type=\"widget\" data-settings=\"{&quot;_animation&quot;:&quot;fadeIn&quot;,&quot;_animation_delay&quot;:1000}\" data-widget_type=\"text-editor.default\">\n\t\t\t\t<div class=\"elementor-widget-container\">\n\t\t\t\t\t\t\t\t\t<p>In un contesto sempre pi\u00f9 esposto, proteggere la propria identit\u00e0 digitale \u00e8 fondamentale per salvaguardare l\u2019integrit\u00e0 personale e professionale.\nAgevoliamo la gestione della reputazione online attraverso azioni legali e strategiche che permettono di esercitare il diritto all\u2019oblio, limitare l\u2019esposizione\nindesiderata e allineare la presenza digitale alla realt\u00e0 attuale.<\/p><p>Accompagniamo processi di eliminazione, rettifica o deindicizzazione di contenuti obsoleti, inesatti o lesivi, e lavoriamo alla costruzione di un\u2019immagine digitale solida, coerente e orientata al futuro. La nostra visione integra criteri giuridici, tecnologici e comunicativi.<\/p>\t\t\t\t\t\t\t\t<\/div>\n\t\t\t\t<\/div>\n\t\t<div class=\"elementor-element elementor-element-6970693f e-con-full e-flex e-con e-child\" data-id=\"6970693f\" data-element_type=\"container\">\n\t\t<div class=\"elementor-element elementor-element-3e68d025 e-con-full animated-fast e-flex elementor-invisible e-con e-child\" data-id=\"3e68d025\" data-element_type=\"container\" data-settings=\"{&quot;background_background&quot;:&quot;classic&quot;,&quot;animation&quot;:&quot;fadeIn&quot;,&quot;animation_delay&quot;:1000}\">\n\t\t\t\t<div class=\"elementor-element elementor-element-3f0435e elementor-widget elementor-widget-spacer\" data-id=\"3f0435e\" data-element_type=\"widget\" data-widget_type=\"spacer.default\">\n\t\t\t\t<div class=\"elementor-widget-container\">\n\t\t\t\t\t\t\t<div class=\"elementor-spacer\">\n\t\t\t<div class=\"elementor-spacer-inner\"><\/div>\n\t\t<\/div>\n\t\t\t\t\t\t<\/div>\n\t\t\t\t<\/div>\n\t\t\t\t<\/div>\n\t\t<div class=\"elementor-element elementor-element-14cf0df1 e-con-full animated-fast e-flex elementor-invisible e-con e-child\" data-id=\"14cf0df1\" data-element_type=\"container\" data-settings=\"{&quot;background_background&quot;:&quot;classic&quot;,&quot;animation&quot;:&quot;fadeIn&quot;,&quot;animation_delay&quot;:1000}\">\n\t\t\t\t<div class=\"elementor-element elementor-element-57b6d060 elementor-widget elementor-widget-spacer\" data-id=\"57b6d060\" data-element_type=\"widget\" data-widget_type=\"spacer.default\">\n\t\t\t\t<div class=\"elementor-widget-container\">\n\t\t\t\t\t\t\t<div class=\"elementor-spacer\">\n\t\t\t<div class=\"elementor-spacer-inner\"><\/div>\n\t\t<\/div>\n\t\t\t\t\t\t<\/div>\n\t\t\t\t<\/div>\n\t\t\t\t<\/div>\n\t\t\t\t<\/div>\n\t\t\t\t<div class=\"elementor-element elementor-element-61e508c2 animated-fast elementor-widget-divider--view-line elementor-invisible elementor-widget elementor-widget-divider\" data-id=\"61e508c2\" data-element_type=\"widget\" data-settings=\"{&quot;_animation&quot;:&quot;fadeIn&quot;,&quot;_animation_delay&quot;:1000}\" data-widget_type=\"divider.default\">\n\t\t\t\t<div class=\"elementor-widget-container\">\n\t\t\t\t\t\t\t<div class=\"elementor-divider\">\n\t\t\t<span class=\"elementor-divider-separator\">\n\t\t\t\t\t\t<\/span>\n\t\t<\/div>\n\t\t\t\t\t\t<\/div>\n\t\t\t\t<\/div>\n\t\t\t\t<div class=\"elementor-element elementor-element-58098902 animated-fast elementor-invisible elementor-widget elementor-widget-heading\" data-id=\"58098902\" data-element_type=\"widget\" id=\"2\" data-settings=\"{&quot;_animation&quot;:&quot;fadeIn&quot;,&quot;_animation_delay&quot;:2000}\" data-widget_type=\"heading.default\">\n\t\t\t\t<div class=\"elementor-widget-container\">\n\t\t\t\t\t<h2 class=\"elementor-heading-title elementor-size-default\">Bitcoin, cripto-attivit\u00e0 e tecnologia blockchain<\/h2>\t\t\t\t<\/div>\n\t\t\t\t<\/div>\n\t\t\t\t<div class=\"elementor-element elementor-element-76e068dd animated-fast elementor-invisible elementor-widget elementor-widget-text-editor\" data-id=\"76e068dd\" data-element_type=\"widget\" data-settings=\"{&quot;_animation&quot;:&quot;fadeIn&quot;,&quot;_animation_delay&quot;:1000}\" data-widget_type=\"text-editor.default\">\n\t\t\t\t<div class=\"elementor-widget-container\">\n\t\t\t\t\t\t\t\t\t<p>Accompagniamo individui, famiglie e imprese nella comprensione e pianificazione strategica dei loro asset digitali, incluso Bitcoin.<\/p><p>La nostra consulenza \u00e8 orientata alla valutazione dei quadri normativi, all\u2019identificazione dei rischi legali e fiscali, e alla progettazione di soluzioni che integrino gli asset digitali in relazione alla loro detenzione, trasmissione e organizzazione all\u2019interno di strutture legali adeguate.<\/p><p>Non gestiamo asset n\u00e9 forniamo consulenza sugli investimenti: il nostro ruolo \u00e8 facilitare chiarezza, ordine e supporto legale in un ecosistema tecnologico in continua evoluzione. Dalla pianificazione successoria delle wallet alla governance di strutture che custodiscono token o smart contract, agiamo come ponte tra innovazione e diritto. Guidiamo le decisioni con criterio, visione globale e senso di responsabilit\u00e0.<\/p>\t\t\t\t\t\t\t\t<\/div>\n\t\t\t\t<\/div>\n\t\t<div class=\"elementor-element elementor-element-405a5d3c e-con-full e-flex e-con e-child\" data-id=\"405a5d3c\" data-element_type=\"container\">\n\t\t<div class=\"elementor-element elementor-element-4ca5e527 e-con-full animated-fast e-flex elementor-invisible e-con e-child\" data-id=\"4ca5e527\" data-element_type=\"container\" data-settings=\"{&quot;background_background&quot;:&quot;classic&quot;,&quot;animation&quot;:&quot;fadeIn&quot;,&quot;animation_delay&quot;:1000}\">\n\t\t\t\t<div class=\"elementor-element elementor-element-1a3fb333 elementor-widget elementor-widget-spacer\" data-id=\"1a3fb333\" data-element_type=\"widget\" data-widget_type=\"spacer.default\">\n\t\t\t\t<div class=\"elementor-widget-container\">\n\t\t\t\t\t\t\t<div class=\"elementor-spacer\">\n\t\t\t<div class=\"elementor-spacer-inner\"><\/div>\n\t\t<\/div>\n\t\t\t\t\t\t<\/div>\n\t\t\t\t<\/div>\n\t\t\t\t<\/div>\n\t\t<div class=\"elementor-element elementor-element-199a64c8 e-con-full animated-fast e-flex elementor-invisible e-con e-child\" data-id=\"199a64c8\" data-element_type=\"container\" data-settings=\"{&quot;background_background&quot;:&quot;classic&quot;,&quot;animation&quot;:&quot;fadeIn&quot;,&quot;animation_delay&quot;:1000}\">\n\t\t\t\t<div class=\"elementor-element elementor-element-6b4fbb88 elementor-widget elementor-widget-spacer\" data-id=\"6b4fbb88\" data-element_type=\"widget\" data-widget_type=\"spacer.default\">\n\t\t\t\t<div class=\"elementor-widget-container\">\n\t\t\t\t\t\t\t<div class=\"elementor-spacer\">\n\t\t\t<div class=\"elementor-spacer-inner\"><\/div>\n\t\t<\/div>\n\t\t\t\t\t\t<\/div>\n\t\t\t\t<\/div>\n\t\t\t\t<\/div>\n\t\t\t\t<\/div>\n\t\t\t\t\t<\/div>\n\t\t\t\t<\/div>\n\t\t\t\t<\/div>\n\t\t\t\t\t<\/div>\n\t\t\t\t<\/div>\n\t\t\t\t\t<\/div>\n\t\t\t\t<\/div>\n\t\t<div class=\"elementor-element elementor-element-32c6c976 e-con-full e-flex e-con e-child\" data-id=\"32c6c976\" data-element_type=\"container\" data-settings=\"{&quot;background_background&quot;:&quot;classic&quot;}\">\n\t\t\t\t<div class=\"elementor-element elementor-element-2af6a3e2 elementor-widget__width-initial animated-fast elementor-invisible elementor-widget elementor-widget-heading\" data-id=\"2af6a3e2\" data-element_type=\"widget\" data-settings=\"{&quot;_animation&quot;:&quot;fadeIn&quot;,&quot;_animation_delay&quot;:1000}\" data-widget_type=\"heading.default\">\n\t\t\t\t<div class=\"elementor-widget-container\">\n\t\t\t\t\t<h2 class=\"elementor-heading-title elementor-size-default\">In un ecosistema digitale in continua evoluzione, proteggere la tua identit\u00e0 e strutturare i tuoi asset richiede visione, criterio e strategia.<\/h2>\t\t\t\t<\/div>\n\t\t\t\t<\/div>\n\t\t\t\t<div class=\"elementor-element elementor-element-16f66c18 animated-fast elementor-invisible elementor-widget elementor-widget-heading\" data-id=\"16f66c18\" data-element_type=\"widget\" data-settings=\"{&quot;_animation&quot;:&quot;fadeIn&quot;,&quot;_animation_delay&quot;:1000}\" data-widget_type=\"heading.default\">\n\t\t\t\t<div class=\"elementor-widget-container\">\n\t\t\t\t\t<h3 class=\"elementor-heading-title elementor-size-default\">Parliamo di come possiamo consigliarti.<\/h3>\t\t\t\t<\/div>\n\t\t\t\t<\/div>\n\t\t\t\t<div class=\"elementor-element elementor-element-54e0eb5b e-transform animated-fast elementor-invisible elementor-widget elementor-widget-jkit_button\" data-id=\"54e0eb5b\" data-element_type=\"widget\" data-settings=\"{&quot;_transform_scale_effect_hover&quot;:{&quot;unit&quot;:&quot;px&quot;,&quot;size&quot;:&quot;0.9&quot;,&quot;sizes&quot;:[]},&quot;_animation&quot;:&quot;fadeIn&quot;,&quot;_animation_delay&quot;:1000,&quot;_transform_scale_effect_hover_tablet&quot;:{&quot;unit&quot;:&quot;px&quot;,&quot;size&quot;:&quot;&quot;,&quot;sizes&quot;:[]},&quot;_transform_scale_effect_hover_mobile&quot;:{&quot;unit&quot;:&quot;px&quot;,&quot;size&quot;:&quot;&quot;,&quot;sizes&quot;:[]}}\" data-widget_type=\"jkit_button.default\">\n\t\t\t\t<div class=\"elementor-widget-container\">\n\t\t\t\t\t<div  class=\"jeg-elementor-kit jkit-button  icon-position-after jeg_module___69fb4296395f1\" ><a href=\"\/it\/contacto\/\" class=\"jkit-button-wrapper\">Prenota una consulenza<svg viewbox=\"0 0 448 512\" xmlns=\"http:\/\/www.w3.org\/2000\/svg\"><path d=\"M190.5 66.9l22.2-22.2c9.4-9.4 24.6-9.4 33.9 0L441 239c9.4 9.4 9.4 24.6 0 33.9L246.6 467.3c-9.4 9.4-24.6 9.4-33.9 0l-22.2-22.2c-9.5-9.5-9.3-25 .4-34.3L311.4 296H24c-13.3 0-24-10.7-24-24v-32c0-13.3 10.7-24 24-24h287.4L190.9 101.2c-9.8-9.3-10-24.8-.4-34.3z\"><\/path><\/svg><\/a><\/div>\t\t\t\t<\/div>\n\t\t\t\t<\/div>\n\t\t\t\t<\/div>\n\t\t\t\t<\/div>","protected":false},"excerpt":{"rendered":"<p>Gesti\u00f3n de reputaci\u00f3n online, Bitcoin y criptoactivos: una visi\u00f3n integral. Servicios: Identidad digital y reputaci\u00f3n online Bitcoin, activos digitales y tecnolog\u00eda blockchain Nuestro servicio de gesti\u00f3n de reputaci\u00f3n online y protecci\u00f3n de identidad digital forma parte esencial de tu patrimonio. Tu identidad en l\u00ednea, tus activos digitales y tu reputaci\u00f3n son tan valiosos como cualquier [&hellip;]<\/p>","protected":false},"author":1,"featured_media":0,"parent":0,"menu_order":0,"comment_status":"closed","ping_status":"closed","template":"elementor_header_footer","meta":{"footnotes":""},"class_list":["post-66","page","type-page","status-publish","hentry"],"yoast_head":"<!-- This site is optimized with the Yoast SEO plugin v25.2 - https:\/\/yoast.com\/wordpress\/plugins\/seo\/ -->\n<title>Entorno Digital - Sentia Gesti\u00f3n de Reputaci\u00f3n Online | Sentia Consulting<\/title>\n<meta name=\"description\" content=\"Protege tu imagen digital con nuestro servicio de gesti\u00f3n de reputaci\u00f3n online. En Sentia Consulting monitoreamos menciones, respondemos cr\u00edticas y construimos una percepci\u00f3n positiva.\" \/>\n<meta name=\"robots\" content=\"index, follow, max-snippet:-1, max-image-preview:large, max-video-preview:-1\" \/>\n<link rel=\"canonical\" href=\"https:\/\/sentiaconsulting.net\/it\/entorno-digital\/\" \/>\n<meta property=\"og:locale\" content=\"it_IT\" \/>\n<meta property=\"og:type\" content=\"article\" \/>\n<meta property=\"og:title\" content=\"Entorno Digital - Sentia Gesti\u00f3n de Reputaci\u00f3n Online | Sentia Consulting\" \/>\n<meta property=\"og:description\" content=\"Protege tu imagen digital con nuestro servicio de gesti\u00f3n de reputaci\u00f3n online. En Sentia Consulting monitoreamos menciones, respondemos cr\u00edticas y construimos una percepci\u00f3n positiva.\" \/>\n<meta property=\"og:url\" content=\"https:\/\/sentiaconsulting.net\/it\/entorno-digital\/\" \/>\n<meta property=\"og:site_name\" content=\"Sentia\" \/>\n<meta property=\"article:modified_time\" content=\"2025-10-10T02:15:46+00:00\" \/>\n<meta name=\"twitter:card\" content=\"summary_large_image\" \/>\n<meta name=\"twitter:label1\" content=\"Tempo di lettura stimato\" \/>\n\t<meta name=\"twitter:data1\" content=\"2 minuti\" \/>\n<script type=\"application\/ld+json\" class=\"yoast-schema-graph\">{\"@context\":\"https:\/\/schema.org\",\"@graph\":[{\"@type\":\"WebPage\",\"@id\":\"https:\/\/sentiaconsulting.net\/entorno-digital\/\",\"url\":\"https:\/\/sentiaconsulting.net\/entorno-digital\/\",\"name\":\"Entorno Digital - Sentia Gesti\u00f3n de Reputaci\u00f3n Online | Sentia Consulting\",\"isPartOf\":{\"@id\":\"https:\/\/sentiaconsulting.net\/#website\"},\"datePublished\":\"2025-05-12T20:39:35+00:00\",\"dateModified\":\"2025-10-10T02:15:46+00:00\",\"description\":\"Protege tu imagen digital con nuestro servicio de gesti\u00f3n de reputaci\u00f3n online. En Sentia Consulting monitoreamos menciones, respondemos cr\u00edticas y construimos una percepci\u00f3n positiva.\",\"breadcrumb\":{\"@id\":\"https:\/\/sentiaconsulting.net\/entorno-digital\/#breadcrumb\"},\"inLanguage\":\"it-IT\",\"potentialAction\":[{\"@type\":\"ReadAction\",\"target\":[\"https:\/\/sentiaconsulting.net\/entorno-digital\/\"]}]},{\"@type\":\"BreadcrumbList\",\"@id\":\"https:\/\/sentiaconsulting.net\/entorno-digital\/#breadcrumb\",\"itemListElement\":[{\"@type\":\"ListItem\",\"position\":1,\"name\":\"Home\",\"item\":\"https:\/\/sentiaconsulting.net\/\"},{\"@type\":\"ListItem\",\"position\":2,\"name\":\"Entorno Digital\"}]},{\"@type\":\"WebSite\",\"@id\":\"https:\/\/sentiaconsulting.net\/#website\",\"url\":\"https:\/\/sentiaconsulting.net\/\",\"name\":\"Sentia\",\"description\":\"\",\"potentialAction\":[{\"@type\":\"SearchAction\",\"target\":{\"@type\":\"EntryPoint\",\"urlTemplate\":\"https:\/\/sentiaconsulting.net\/?s={search_term_string}\"},\"query-input\":{\"@type\":\"PropertyValueSpecification\",\"valueRequired\":true,\"valueName\":\"search_term_string\"}}],\"inLanguage\":\"it-IT\"}]}<\/script>\n<!-- \/ Yoast SEO plugin. -->","yoast_head_json":{"title":"Entorno Digital - Sentia Gesti\u00f3n de Reputaci\u00f3n Online | Sentia Consulting","description":"Protege tu imagen digital con nuestro servicio de gesti\u00f3n de reputaci\u00f3n online. En Sentia Consulting monitoreamos menciones, respondemos cr\u00edticas y construimos una percepci\u00f3n positiva.","robots":{"index":"index","follow":"follow","max-snippet":"max-snippet:-1","max-image-preview":"max-image-preview:large","max-video-preview":"max-video-preview:-1"},"canonical":"https:\/\/sentiaconsulting.net\/it\/entorno-digital\/","og_locale":"it_IT","og_type":"article","og_title":"Entorno Digital - Sentia Gesti\u00f3n de Reputaci\u00f3n Online | Sentia Consulting","og_description":"Protege tu imagen digital con nuestro servicio de gesti\u00f3n de reputaci\u00f3n online. En Sentia Consulting monitoreamos menciones, respondemos cr\u00edticas y construimos una percepci\u00f3n positiva.","og_url":"https:\/\/sentiaconsulting.net\/it\/entorno-digital\/","og_site_name":"Sentia","article_modified_time":"2025-10-10T02:15:46+00:00","twitter_card":"summary_large_image","twitter_misc":{"Tempo di lettura stimato":"2 minuti"},"schema":{"@context":"https:\/\/schema.org","@graph":[{"@type":"WebPage","@id":"https:\/\/sentiaconsulting.net\/entorno-digital\/","url":"https:\/\/sentiaconsulting.net\/entorno-digital\/","name":"Entorno Digital - Sentia Gesti\u00f3n de Reputaci\u00f3n Online | Sentia Consulting","isPartOf":{"@id":"https:\/\/sentiaconsulting.net\/#website"},"datePublished":"2025-05-12T20:39:35+00:00","dateModified":"2025-10-10T02:15:46+00:00","description":"Protege tu imagen digital con nuestro servicio de gesti\u00f3n de reputaci\u00f3n online. En Sentia Consulting monitoreamos menciones, respondemos cr\u00edticas y construimos una percepci\u00f3n positiva.","breadcrumb":{"@id":"https:\/\/sentiaconsulting.net\/entorno-digital\/#breadcrumb"},"inLanguage":"it-IT","potentialAction":[{"@type":"ReadAction","target":["https:\/\/sentiaconsulting.net\/entorno-digital\/"]}]},{"@type":"BreadcrumbList","@id":"https:\/\/sentiaconsulting.net\/entorno-digital\/#breadcrumb","itemListElement":[{"@type":"ListItem","position":1,"name":"Home","item":"https:\/\/sentiaconsulting.net\/"},{"@type":"ListItem","position":2,"name":"Entorno Digital"}]},{"@type":"WebSite","@id":"https:\/\/sentiaconsulting.net\/#website","url":"https:\/\/sentiaconsulting.net\/","name":"Sentia","description":"","potentialAction":[{"@type":"SearchAction","target":{"@type":"EntryPoint","urlTemplate":"https:\/\/sentiaconsulting.net\/?s={search_term_string}"},"query-input":{"@type":"PropertyValueSpecification","valueRequired":true,"valueName":"search_term_string"}}],"inLanguage":"it-IT"}]}},"_links":{"self":[{"href":"https:\/\/sentiaconsulting.net\/it\/wp-json\/wp\/v2\/pages\/66","targetHints":{"allow":["GET"]}}],"collection":[{"href":"https:\/\/sentiaconsulting.net\/it\/wp-json\/wp\/v2\/pages"}],"about":[{"href":"https:\/\/sentiaconsulting.net\/it\/wp-json\/wp\/v2\/types\/page"}],"author":[{"embeddable":true,"href":"https:\/\/sentiaconsulting.net\/it\/wp-json\/wp\/v2\/users\/1"}],"replies":[{"embeddable":true,"href":"https:\/\/sentiaconsulting.net\/it\/wp-json\/wp\/v2\/comments?post=66"}],"version-history":[{"count":62,"href":"https:\/\/sentiaconsulting.net\/it\/wp-json\/wp\/v2\/pages\/66\/revisions"}],"predecessor-version":[{"id":1211,"href":"https:\/\/sentiaconsulting.net\/it\/wp-json\/wp\/v2\/pages\/66\/revisions\/1211"}],"wp:attachment":[{"href":"https:\/\/sentiaconsulting.net\/it\/wp-json\/wp\/v2\/media?parent=66"}],"curies":[{"name":"wp","href":"https:\/\/api.w.org\/{rel}","templated":true}]}}