{"id":68,"date":"2025-05-12T20:39:57","date_gmt":"2025-05-12T20:39:57","guid":{"rendered":"https:\/\/sentiaconsulting.net\/?page_id=68"},"modified":"2025-10-09T15:50:15","modified_gmt":"2025-10-09T15:50:15","slug":"clientes","status":"publish","type":"page","link":"https:\/\/sentiaconsulting.net\/it\/clientes\/","title":{"rendered":"Clienti"},"content":{"rendered":"<div data-elementor-type=\"wp-page\" data-elementor-id=\"68\" class=\"elementor elementor-68\" data-elementor-post-type=\"page\">\n\t\t\t\t<div class=\"elementor-element elementor-element-d5e9a1b e-flex e-con-boxed e-con e-parent\" data-id=\"d5e9a1b\" data-element_type=\"container\" data-settings=\"{&quot;background_background&quot;:&quot;classic&quot;}\">\n\t\t\t\t\t<div class=\"e-con-inner\">\n\t\t<div class=\"elementor-element elementor-element-14fc3e2 e-flex e-con-boxed e-con e-child\" data-id=\"14fc3e2\" data-element_type=\"container\">\n\t\t\t\t\t<div class=\"e-con-inner\">\n\t\t\t\t<div class=\"elementor-element elementor-element-a15576c elementor-invisible elementor-widget elementor-widget-heading\" data-id=\"a15576c\" data-element_type=\"widget\" data-settings=\"{&quot;_animation&quot;:&quot;fadeIn&quot;}\" data-widget_type=\"heading.default\">\n\t\t\t\t<div class=\"elementor-widget-container\">\n\t\t\t\t\t<h2 class=\"elementor-heading-title elementor-size-default\">CHI ACCOMPAGNIAMO?<\/h2>\t\t\t\t<\/div>\n\t\t\t\t<\/div>\n\t\t\t\t\t<\/div>\n\t\t\t\t<\/div>\n\t\t\t\t\t<\/div>\n\t\t\t\t<\/div>\n\t\t<div class=\"elementor-element elementor-element-3ca45b3 animated-fast e-flex e-con-boxed elementor-invisible e-con e-parent\" data-id=\"3ca45b3\" data-element_type=\"container\" data-settings=\"{&quot;background_background&quot;:&quot;classic&quot;,&quot;animation&quot;:&quot;fadeIn&quot;,&quot;animation_delay&quot;:1000}\">\n\t\t\t\t\t<div class=\"e-con-inner\">\n\t\t<div class=\"elementor-element elementor-element-3cb82c9 e-flex e-con-boxed e-con e-child\" data-id=\"3cb82c9\" data-element_type=\"container\">\n\t\t\t\t\t<div class=\"e-con-inner\">\n\t\t<div class=\"elementor-element elementor-element-7dca98f e-con-full e-flex e-con e-child\" data-id=\"7dca98f\" data-element_type=\"container\">\n\t\t\t\t<div class=\"elementor-element elementor-element-a69c51c elementor-widget__width-initial elementor-widget elementor-widget-heading\" data-id=\"a69c51c\" data-element_type=\"widget\" data-widget_type=\"heading.default\">\n\t\t\t\t<div class=\"elementor-widget-container\">\n\t\t\t\t\t<h2 class=\"elementor-heading-title elementor-size-default\">Consulenza strategica per individui, famiglie e imprese in linea con le sfide di un contesto globale<\/h2>\t\t\t\t<\/div>\n\t\t\t\t<\/div>\n\t\t\t\t<\/div>\n\t\t\t\t\t<\/div>\n\t\t\t\t<\/div>\n\t\t<div class=\"elementor-element elementor-element-663ba97 e-con-full e-flex e-con e-child\" data-id=\"663ba97\" data-element_type=\"container\">\n\t\t<div class=\"elementor-element elementor-element-a17c9ac e-flex e-con-boxed e-con e-child\" data-id=\"a17c9ac\" data-element_type=\"container\">\n\t\t\t\t\t<div class=\"e-con-inner\">\n\t\t<div class=\"elementor-element elementor-element-d903803 e-con-full e-flex e-con e-child\" data-id=\"d903803\" data-element_type=\"container\">\n\t\t<div class=\"elementor-element elementor-element-c436b97 e-con-full e-flex e-con e-child\" data-id=\"c436b97\" data-element_type=\"container\" data-settings=\"{&quot;background_background&quot;:&quot;classic&quot;}\">\n\t\t\t\t<div class=\"elementor-element elementor-element-4cd454a jkit-equal-height-enable elementor-widget elementor-widget-jkit_icon_box\" data-id=\"4cd454a\" data-element_type=\"widget\" data-widget_type=\"jkit_icon_box.default\">\n\t\t\t\t<div class=\"elementor-widget-container\">\n\t\t\t\t\t<div  class=\"jeg-elementor-kit jkit-icon-box icon-position- elementor-animation- jeg_module___69fb42f3c73a4\" ><div class=\"jkit-icon-box-wrapper hover-from-left\"><div class=\"icon-box icon-box-body\">\n                <h2 class=\"title\">Investitori e imprenditori globali<\/h2>\n            <\/div>\n            \n            <\/div><\/div>\t\t\t\t<\/div>\n\t\t\t\t<\/div>\n\t\t\t\t<\/div>\n\t\t<div class=\"elementor-element elementor-element-595831a e-con-full e-flex e-con e-child\" data-id=\"595831a\" data-element_type=\"container\" data-settings=\"{&quot;background_background&quot;:&quot;classic&quot;}\">\n\t\t\t\t<div class=\"elementor-element elementor-element-5617e68 jkit-equal-height-enable elementor-widget elementor-widget-jkit_icon_box\" data-id=\"5617e68\" data-element_type=\"widget\" data-widget_type=\"jkit_icon_box.default\">\n\t\t\t\t<div class=\"elementor-widget-container\">\n\t\t\t\t\t<div  class=\"jeg-elementor-kit jkit-icon-box icon-position- elementor-animation- jeg_module__1_69fb42f3c7881\" ><div class=\"jkit-icon-box-wrapper hover-from-left\"><div class=\"icon-box icon-box-body\">\n                <h2 class=\"title\">Famiglie con una visione del lascito intergenerazionale.<\/h2>\n            <\/div>\n            \n            <\/div><\/div>\t\t\t\t<\/div>\n\t\t\t\t<\/div>\n\t\t\t\t<\/div>\n\t\t\t\t<\/div>\n\t\t\t\t\t<\/div>\n\t\t\t\t<\/div>\n\t\t<div class=\"elementor-element elementor-element-4f0b588 e-flex e-con-boxed e-con e-child\" data-id=\"4f0b588\" data-element_type=\"container\">\n\t\t\t\t\t<div class=\"e-con-inner\">\n\t\t<div class=\"elementor-element elementor-element-38163e4 e-con-full e-flex e-con e-child\" data-id=\"38163e4\" data-element_type=\"container\">\n\t\t<div class=\"elementor-element elementor-element-13884ec e-con-full e-flex e-con e-child\" data-id=\"13884ec\" data-element_type=\"container\" data-settings=\"{&quot;background_background&quot;:&quot;classic&quot;}\">\n\t\t\t\t<div class=\"elementor-element elementor-element-d31c63f jkit-equal-height-enable elementor-widget elementor-widget-jkit_icon_box\" data-id=\"d31c63f\" data-element_type=\"widget\" data-widget_type=\"jkit_icon_box.default\">\n\t\t\t\t<div class=\"elementor-widget-container\">\n\t\t\t\t\t<div  class=\"jeg-elementor-kit jkit-icon-box icon-position- elementor-animation- jeg_module__2_69fb42f3c7c88\" ><div class=\"jkit-icon-box-wrapper hover-from-left\"><div class=\"icon-box icon-box-body\">\n                <h2 class=\"title\">Espatriati e nomadi digitali<\/h2>\n            <\/div>\n            \n            <\/div><\/div>\t\t\t\t<\/div>\n\t\t\t\t<\/div>\n\t\t\t\t<\/div>\n\t\t<div class=\"elementor-element elementor-element-186a85b e-con-full e-flex e-con e-child\" data-id=\"186a85b\" data-element_type=\"container\" data-settings=\"{&quot;background_background&quot;:&quot;classic&quot;}\">\n\t\t\t\t<div class=\"elementor-element elementor-element-f98ca26 jkit-equal-height-enable elementor-widget elementor-widget-jkit_icon_box\" data-id=\"f98ca26\" data-element_type=\"widget\" data-widget_type=\"jkit_icon_box.default\">\n\t\t\t\t<div class=\"elementor-widget-container\">\n\t\t\t\t\t<div  class=\"jeg-elementor-kit jkit-icon-box icon-position- elementor-animation- jeg_module__3_69fb42f3c80b4\" ><div class=\"jkit-icon-box-wrapper hover-from-left\"><div class=\"icon-box icon-box-body\">\n                <h2 class=\"title\">Investitori in asset tradizionali e\/o digitali.<\/h2>\n            <\/div>\n            \n            <\/div><\/div>\t\t\t\t<\/div>\n\t\t\t\t<\/div>\n\t\t\t\t<\/div>\n\t\t\t\t<\/div>\n\t\t\t\t\t<\/div>\n\t\t\t\t<\/div>\n\t\t\t\t<\/div>\n\t\t\t\t\t<\/div>\n\t\t\t\t<\/div>\n\t\t<div class=\"elementor-element elementor-element-64833e9 e-con-full animated-fast e-flex elementor-invisible e-con e-parent\" data-id=\"64833e9\" data-element_type=\"container\" data-settings=\"{&quot;background_background&quot;:&quot;classic&quot;,&quot;animation&quot;:&quot;fadeIn&quot;,&quot;animation_delay&quot;:1000}\">\n\t\t<div class=\"elementor-element elementor-element-aba28fc e-flex e-con-boxed e-con e-child\" data-id=\"aba28fc\" data-element_type=\"container\">\n\t\t\t\t\t<div class=\"e-con-inner\">\n\t\t<div class=\"elementor-element elementor-element-da9dcf8 e-con-full e-flex e-con e-child\" data-id=\"da9dcf8\" data-element_type=\"container\">\n\t\t<div class=\"elementor-element elementor-element-4d2d56c e-con-full e-flex e-con e-child\" data-id=\"4d2d56c\" data-element_type=\"container\">\n\t\t\t\t<div class=\"elementor-element elementor-element-f94d17a elementor-widget elementor-widget-heading\" data-id=\"f94d17a\" data-element_type=\"widget\" data-widget_type=\"heading.default\">\n\t\t\t\t<div class=\"elementor-widget-container\">\n\t\t\t\t\t<h2 class=\"elementor-heading-title elementor-size-default\">Abbiamo clienti e partners in America e in Europa<\/h2>\t\t\t\t<\/div>\n\t\t\t\t<\/div>\n\t\t\t\t<div class=\"elementor-element elementor-element-176134e elementor-widget__width-initial elementor-widget elementor-widget-heading\" data-id=\"176134e\" data-element_type=\"widget\" data-widget_type=\"heading.default\">\n\t\t\t\t<div class=\"elementor-widget-container\">\n\t\t\t\t\t<h4 class=\"elementor-heading-title elementor-size-default\">La nostra rete di alleati e la nostra esperienza multiculturale ci permettono di offrire una consulenza adeguata ai quadri legali, fiscali e patrimoniali di ogni giurisdizione.<\/h4>\t\t\t\t<\/div>\n\t\t\t\t<\/div>\n\t\t\t\t<\/div>\n\t\t\t\t<div class=\"elementor-element elementor-element-195c688 elementor-widget__width-initial elementor-widget elementor-widget-html\" data-id=\"195c688\" data-element_type=\"widget\" data-widget_type=\"html.default\">\n\t\t\t\t<div class=\"elementor-widget-container\">\n\t\t\t\t\t<!DOCTYPE html>\n<html lang=\"en\">\n<head>\n    <meta charset=\"UTF-8\">\n    <meta name=\"viewport\" content=\"width=device-width, initial-scale=1.0\">\n    <title>Interactive World Map - API Free<\/title>\n    <link rel=\"stylesheet\" href=\"https:\/\/unpkg.com\/leaflet@1.9.4\/dist\/leaflet.css\"\n          integrity=\"sha256-p4NxAoJBhIIN+hmNHrzRCf9tD\/miZyoHS5obTRR9BMY=\"\n          crossorigin=\"\"\/>\n    <script src=\"https:\/\/unpkg.com\/leaflet@1.9.4\/dist\/leaflet.js\"\n            integrity=\"sha256-20nQCchB9co0qIjJZRGuk2\/Z9VM+kNiyxNV1lvTlZBo=\"\n            crossorigin=\"\"><\/script>\n    <style>\n        body {\n            background-color: #172115; \/* Primary: Dark green - Page Background *\/\n            margin: 0;\n            padding: 0;\n            font-family: sans-serif;\n        }\n\n#map {\n  width: 100%;\n  aspect-ratio: 2 \/ 1.5; \/* Wider and shorter *\/\n  max-width: 100vh;\n  margin: 0 auto;\n  border: 2px solid #435E59;\n  box-sizing: border-box;\n  background-color: transparent;\n}\n\n        \/* Leaflet Popup Styles *\/\n        .leaflet-popup-content-wrapper {\n            background-color: #858E89 !important; \/* Text: Light grayish-green - Popup Background *\/\n            color: #172115 !important; \/* Primary: Dark green - Text in Popup *\/\n            border-radius: 5px;\n            box-shadow: 0 3px 14px rgba(0,0,0,0.4);\n        }\n\n        .leaflet-popup-content {\n            margin: 13px 19px !important;\n            font-size: 14px;\n            line-height: 1.4;\n        }\n\n        .leaflet-popup-content a,\n        .leaflet-popup-content a:visited { \/* Ensure visited links are also styled *\/\n            color: #ECEDED !important; \/* Accent: Off-white - Links in Popup *\/\n        }\n         .leaflet-popup-content a:hover {\n            text-decoration: underline;\n        }\n\n        .leaflet-popup-tip-container {\n            display: none;\n        }\n\n        \/* Custom Marker Style *\/\n        .custom-pin {\n            background-color: #284537; \/* Secondary: Teal - Pin Color *\/\n            width: 12px;\n            height: 12px;\n            border-radius: 50%;\n            border: 2px solid #FFFFFF; \/* White border for visibility *\/\n            box-shadow: 0 0 3px rgba(0,0,0,0.3);\n            cursor: pointer;\n        }\n\n        \/* Leaflet Attribution Control Style *\/\n        .leaflet-control-attribution {\n            background-color: #858E89 !important; \/* Text: Light grayish-green - Attribution Background *\/\n            padding: 3px 6px !important;\n            border-radius: 3px;\n            font-size: 11px;\n        }\n\n        .leaflet-control-attribution,\n        .leaflet-control-attribution span { \/* Target text within spans too if any *\/\n             color: #172115 !important; \/* Primary: Dark green - Attribution Text *\/\n        }\n\n        .leaflet-control-attribution a,\n        .leaflet-control-attribution a:visited {\n            color: #ECEDED !important; \/* Accent: Off-white - Attribution Links *\/\n            text-decoration: none;\n        }\n\n        .leaflet-control-attribution a:hover {\n            text-decoration: underline;\n        }\n\n        \/*\n        NOTE on LAND (#435E59) and WATER (#172115) colors for the map tiles:\n        The CARTO 'dark_matter' tiles have their own predefined dark color scheme.\n        The page background is #172115 (your specified water color).\n        The map container border is #435E59 (your specified land color).\n        This setup will give the overall desired aesthetic, but the actual land\/water\n        polygons on the map tiles will be from CARTO's style.\n        Achieving exact hex codes for tile features requires a custom tile service.\n        *\/\n    <\/style>\n<\/head>\n<body>\n\n<div id=\"map\"><\/div>\n\n<script>\n    \/\/ --- Cities Data ---\n    \/\/ Structure: [CityName, Latitude, Longitude]\n    const cities = [\n        [\"Santo Domingo\", 18.4861, -69.9312],\n        [\"Caracas\", 10.4806, -66.9036],\n        [\"Bogot\u00e1\", 4.7110, -74.0721],\n        [\"Quito\", -0.1807, -78.4678],\n        [\"Lima\", -12.0464, -77.0428],\n        [\"La Paz\", -16.4897, -68.1193],\n        [\"Buenos Aires\", -34.6037, -58.3816],\n        [\"Madrid\", 40.4168, -3.7038],\n        [\"Lisbon\", 38.7223, -9.1393],\n        [\"Paris\", 48.8566, 2.3522],\n        [\"Rome\", 41.9028, 12.4964]\n    ];\n\n    \/\/ --- Map Initialization ---\n    const map = L.map('map', {\n        attributionControl: true\n    }).setView([20, -15], 3); \/\/ Centered to show Europe and South America\n\n    \/\/ --- Tile Layer - CARTO Dark Matter (API Key Free) ---\n    L.tileLayer('https:\/\/{s}.basemaps.cartocdn.com\/dark_all\/{z}\/{x}\/{y}{r}.png', {\n        attribution: '&copy; <a href=\"https:\/\/www.openstreetmap.org\/copyright\" target=\"_blank\">OpenStreetMap<\/a> contributors &copy; <a href=\"https:\/\/carto.com\/attributions\" target=\"_blank\">CARTO<\/a>',\n        subdomains: 'abcd',\n        maxZoom: 20,\n        minZoom: 2\n    }).addTo(map);\n\n    \/\/ --- Add Markers for Cities ---\n    cities.forEach(city => {\n        const [name, lat, lon] = city;\n\n        const customIcon = L.divIcon({\n            className: 'custom-pin-container', \/\/ Can be used for more specific styling if needed\n            html: `<div class=\"custom-pin\"><\/div>`,\n            iconSize: [16, 16], \/\/ width, height of the div (pin is 12px + 2px border each side)\n            iconAnchor: [8, 8]  \/\/ center of the icon\n        });\n\n        const marker = L.marker([lat, lon], { icon: customIcon }).addTo(map);\n\n        \/\/ Popup\n        marker.bindPopup(`<b>${name}<\/b>`);\n    });\n\n<\/script>\n\n<\/body>\n<\/html>\t\t\t\t<\/div>\n\t\t\t\t<\/div>\n\t\t\t\t<\/div>\n\t\t\t\t\t<\/div>\n\t\t\t\t<\/div>\n\t\t\t\t<\/div>\n\t\t<div class=\"elementor-element elementor-element-0e977d5 e-flex e-con-boxed elementor-invisible e-con e-parent\" data-id=\"0e977d5\" data-element_type=\"container\" data-settings=\"{&quot;animation&quot;:&quot;fadeIn&quot;,&quot;animation_delay&quot;:1000,&quot;background_background&quot;:&quot;classic&quot;}\">\n\t\t\t\t\t<div class=\"e-con-inner\">\n\t\t<div class=\"elementor-element elementor-element-c1dc269 e-flex e-con-boxed e-con e-child\" data-id=\"c1dc269\" data-element_type=\"container\">\n\t\t\t\t\t<div class=\"e-con-inner\">\n\t\t\t\t<div class=\"elementor-element elementor-element-57da41d elementor-widget elementor-widget-heading\" data-id=\"57da41d\" data-element_type=\"widget\" data-widget_type=\"heading.default\">\n\t\t\t\t<div class=\"elementor-widget-container\">\n\t\t\t\t\t<h2 class=\"elementor-heading-title elementor-size-default\">Parliamone<\/h2>\t\t\t\t<\/div>\n\t\t\t\t<\/div>\n\t\t\t\t<div class=\"elementor-element elementor-element-1df459f elementor-widget elementor-widget-heading\" data-id=\"1df459f\" data-element_type=\"widget\" data-widget_type=\"heading.default\">\n\t\t\t\t<div class=\"elementor-widget-container\">\n\t\t\t\t\t<h4 class=\"elementor-heading-title elementor-size-default\">Siamo pronti ad accompagnarti nel realizzare il tuo obiettivo.<\/h4>\t\t\t\t<\/div>\n\t\t\t\t<\/div>\n\t\t\t\t<div class=\"elementor-element elementor-element-2e0d5bd e-transform elementor-widget elementor-widget-jkit_button\" data-id=\"2e0d5bd\" data-element_type=\"widget\" data-settings=\"{&quot;_transform_scale_effect_hover&quot;:{&quot;unit&quot;:&quot;px&quot;,&quot;size&quot;:&quot;0.9&quot;,&quot;sizes&quot;:[]},&quot;_transform_scale_effect_hover_tablet&quot;:{&quot;unit&quot;:&quot;px&quot;,&quot;size&quot;:&quot;&quot;,&quot;sizes&quot;:[]},&quot;_transform_scale_effect_hover_mobile&quot;:{&quot;unit&quot;:&quot;px&quot;,&quot;size&quot;:&quot;&quot;,&quot;sizes&quot;:[]}}\" data-widget_type=\"jkit_button.default\">\n\t\t\t\t<div class=\"elementor-widget-container\">\n\t\t\t\t\t<div  class=\"jeg-elementor-kit jkit-button  icon-position-after jeg_module__4_69fb42f3c8da2\" ><a href=\"\/it\/contacto\/\" class=\"jkit-button-wrapper\">Contattaci<svg viewbox=\"0 0 448 512\" xmlns=\"http:\/\/www.w3.org\/2000\/svg\"><path d=\"M190.5 66.9l22.2-22.2c9.4-9.4 24.6-9.4 33.9 0L441 239c9.4 9.4 9.4 24.6 0 33.9L246.6 467.3c-9.4 9.4-24.6 9.4-33.9 0l-22.2-22.2c-9.5-9.5-9.3-25 .4-34.3L311.4 296H24c-13.3 0-24-10.7-24-24v-32c0-13.3 10.7-24 24-24h287.4L190.9 101.2c-9.8-9.3-10-24.8-.4-34.3z\"><\/path><\/svg><\/a><\/div>\t\t\t\t<\/div>\n\t\t\t\t<\/div>\n\t\t\t\t\t<\/div>\n\t\t\t\t<\/div>\n\t\t\t\t\t<\/div>\n\t\t\t\t<\/div>\n\t\t\t\t<\/div>","protected":false},"excerpt":{"rendered":"<p>\u00bfA QUI\u00c9NES ACOMPA\u00d1AMOS? Asesor\u00eda estrat\u00e9gica para individuos, familias y empresas alineados con los desaf\u00edos de un entorno global. Emprendedores y empresarios globales. Familias con visi\u00f3n de legado intergeneracional. Expatriados y n\u00f3madas digitales. Inversionistas en activos tradicionales y\/o digitales. Contamos con clientes y aliados en Am\u00e9rica y Europa. Nuestra red de aliados y nuestra experiencia multicultural [&hellip;]<\/p>","protected":false},"author":1,"featured_media":0,"parent":0,"menu_order":0,"comment_status":"closed","ping_status":"closed","template":"elementor_header_footer","meta":{"footnotes":""},"class_list":["post-68","page","type-page","status-publish","hentry"],"yoast_head":"<!-- This site is optimized with the Yoast SEO plugin v25.2 - https:\/\/yoast.com\/wordpress\/plugins\/seo\/ -->\n<title>Clientes - Sentia<\/title>\n<meta name=\"robots\" content=\"index, follow, max-snippet:-1, max-image-preview:large, max-video-preview:-1\" \/>\n<link rel=\"canonical\" href=\"https:\/\/sentiaconsulting.net\/it\/clientes\/\" \/>\n<meta property=\"og:locale\" content=\"it_IT\" \/>\n<meta property=\"og:type\" content=\"article\" \/>\n<meta property=\"og:title\" content=\"Clientes - Sentia\" \/>\n<meta property=\"og:description\" content=\"\u00bfA QUI\u00c9NES ACOMPA\u00d1AMOS? Asesor\u00eda estrat\u00e9gica para individuos, familias y empresas alineados con los desaf\u00edos de un entorno global. Emprendedores y empresarios globales. Familias con visi\u00f3n de legado intergeneracional. Expatriados y n\u00f3madas digitales. Inversionistas en activos tradicionales y\/o digitales. Contamos con clientes y aliados en Am\u00e9rica y Europa. Nuestra red de aliados y nuestra experiencia multicultural [&hellip;]\" \/>\n<meta property=\"og:url\" content=\"https:\/\/sentiaconsulting.net\/it\/clientes\/\" \/>\n<meta property=\"og:site_name\" content=\"Sentia\" \/>\n<meta property=\"article:modified_time\" content=\"2025-10-09T15:50:15+00:00\" \/>\n<meta name=\"twitter:card\" content=\"summary_large_image\" \/>\n<meta name=\"twitter:label1\" content=\"Tempo di lettura stimato\" \/>\n\t<meta name=\"twitter:data1\" content=\"1 minuto\" \/>\n<script type=\"application\/ld+json\" class=\"yoast-schema-graph\">{\"@context\":\"https:\/\/schema.org\",\"@graph\":[{\"@type\":\"WebPage\",\"@id\":\"https:\/\/sentiaconsulting.net\/clientes\/\",\"url\":\"https:\/\/sentiaconsulting.net\/clientes\/\",\"name\":\"Clientes - Sentia\",\"isPartOf\":{\"@id\":\"https:\/\/sentiaconsulting.net\/#website\"},\"datePublished\":\"2025-05-12T20:39:57+00:00\",\"dateModified\":\"2025-10-09T15:50:15+00:00\",\"breadcrumb\":{\"@id\":\"https:\/\/sentiaconsulting.net\/clientes\/#breadcrumb\"},\"inLanguage\":\"it-IT\",\"potentialAction\":[{\"@type\":\"ReadAction\",\"target\":[\"https:\/\/sentiaconsulting.net\/clientes\/\"]}]},{\"@type\":\"BreadcrumbList\",\"@id\":\"https:\/\/sentiaconsulting.net\/clientes\/#breadcrumb\",\"itemListElement\":[{\"@type\":\"ListItem\",\"position\":1,\"name\":\"Home\",\"item\":\"https:\/\/sentiaconsulting.net\/\"},{\"@type\":\"ListItem\",\"position\":2,\"name\":\"Clientes\"}]},{\"@type\":\"WebSite\",\"@id\":\"https:\/\/sentiaconsulting.net\/#website\",\"url\":\"https:\/\/sentiaconsulting.net\/\",\"name\":\"Sentia\",\"description\":\"\",\"potentialAction\":[{\"@type\":\"SearchAction\",\"target\":{\"@type\":\"EntryPoint\",\"urlTemplate\":\"https:\/\/sentiaconsulting.net\/?s={search_term_string}\"},\"query-input\":{\"@type\":\"PropertyValueSpecification\",\"valueRequired\":true,\"valueName\":\"search_term_string\"}}],\"inLanguage\":\"it-IT\"}]}<\/script>\n<!-- \/ Yoast SEO plugin. -->","yoast_head_json":{"title":"Clientes - Sentia","robots":{"index":"index","follow":"follow","max-snippet":"max-snippet:-1","max-image-preview":"max-image-preview:large","max-video-preview":"max-video-preview:-1"},"canonical":"https:\/\/sentiaconsulting.net\/it\/clientes\/","og_locale":"it_IT","og_type":"article","og_title":"Clientes - Sentia","og_description":"\u00bfA QUI\u00c9NES ACOMPA\u00d1AMOS? Asesor\u00eda estrat\u00e9gica para individuos, familias y empresas alineados con los desaf\u00edos de un entorno global. Emprendedores y empresarios globales. Familias con visi\u00f3n de legado intergeneracional. Expatriados y n\u00f3madas digitales. Inversionistas en activos tradicionales y\/o digitales. Contamos con clientes y aliados en Am\u00e9rica y Europa. Nuestra red de aliados y nuestra experiencia multicultural [&hellip;]","og_url":"https:\/\/sentiaconsulting.net\/it\/clientes\/","og_site_name":"Sentia","article_modified_time":"2025-10-09T15:50:15+00:00","twitter_card":"summary_large_image","twitter_misc":{"Tempo di lettura stimato":"1 minuto"},"schema":{"@context":"https:\/\/schema.org","@graph":[{"@type":"WebPage","@id":"https:\/\/sentiaconsulting.net\/clientes\/","url":"https:\/\/sentiaconsulting.net\/clientes\/","name":"Clientes - Sentia","isPartOf":{"@id":"https:\/\/sentiaconsulting.net\/#website"},"datePublished":"2025-05-12T20:39:57+00:00","dateModified":"2025-10-09T15:50:15+00:00","breadcrumb":{"@id":"https:\/\/sentiaconsulting.net\/clientes\/#breadcrumb"},"inLanguage":"it-IT","potentialAction":[{"@type":"ReadAction","target":["https:\/\/sentiaconsulting.net\/clientes\/"]}]},{"@type":"BreadcrumbList","@id":"https:\/\/sentiaconsulting.net\/clientes\/#breadcrumb","itemListElement":[{"@type":"ListItem","position":1,"name":"Home","item":"https:\/\/sentiaconsulting.net\/"},{"@type":"ListItem","position":2,"name":"Clientes"}]},{"@type":"WebSite","@id":"https:\/\/sentiaconsulting.net\/#website","url":"https:\/\/sentiaconsulting.net\/","name":"Sentia","description":"","potentialAction":[{"@type":"SearchAction","target":{"@type":"EntryPoint","urlTemplate":"https:\/\/sentiaconsulting.net\/?s={search_term_string}"},"query-input":{"@type":"PropertyValueSpecification","valueRequired":true,"valueName":"search_term_string"}}],"inLanguage":"it-IT"}]}},"_links":{"self":[{"href":"https:\/\/sentiaconsulting.net\/it\/wp-json\/wp\/v2\/pages\/68","targetHints":{"allow":["GET"]}}],"collection":[{"href":"https:\/\/sentiaconsulting.net\/it\/wp-json\/wp\/v2\/pages"}],"about":[{"href":"https:\/\/sentiaconsulting.net\/it\/wp-json\/wp\/v2\/types\/page"}],"author":[{"embeddable":true,"href":"https:\/\/sentiaconsulting.net\/it\/wp-json\/wp\/v2\/users\/1"}],"replies":[{"embeddable":true,"href":"https:\/\/sentiaconsulting.net\/it\/wp-json\/wp\/v2\/comments?post=68"}],"version-history":[{"count":61,"href":"https:\/\/sentiaconsulting.net\/it\/wp-json\/wp\/v2\/pages\/68\/revisions"}],"predecessor-version":[{"id":1192,"href":"https:\/\/sentiaconsulting.net\/it\/wp-json\/wp\/v2\/pages\/68\/revisions\/1192"}],"wp:attachment":[{"href":"https:\/\/sentiaconsulting.net\/it\/wp-json\/wp\/v2\/media?parent=68"}],"curies":[{"name":"wp","href":"https:\/\/api.w.org\/{rel}","templated":true}]}}